{"id":2992,"date":"2025-01-21T18:21:31","date_gmt":"2025-01-21T17:21:31","guid":{"rendered":"https:\/\/www.milligan-design.ch\/kontakt\/"},"modified":"2026-04-14T11:21:46","modified_gmt":"2026-04-14T09:21:46","slug":"kontakt","status":"publish","type":"page","link":"https:\/\/www.milligan-design.ch\/en\/kontakt\/","title":{"rendered":"Contact"},"content":{"rendered":"\n<div class=\"wp-block-group hero-group has-background\" style=\"border-style:none;border-width:0px;border-radius:0px;background-color:#080e4e\"><div class=\"wp-block-group__inner-container is-layout-constrained wp-block-group-is-layout-constrained\">\n<lottie-player trigger=\"none\" id=\"wp-block-themeisle-blocks-lottie-4abc4ab1\" src=\"https:\/\/www.milligan-design.ch\/wp-content\/uploads\/2025\/01\/rocket.json\" class=\"wp-block-themeisle-blocks-lottie lottie-icon\" autoplay loop count=\"0\" speed=\"1\" direction=\"1\" data-loop=\"false\" mode=\"normal\"><\/lottie-player>\n\n\n\n<h1 class=\"wp-block-heading has-text-align-center has-nv-site-bg-color has-text-color has-link-color wp-elements-be8ba70b35335ca3a7c0e938a839d740\"><span class=\"gradient-text\">Ready?<\/span><br> Let&#8217;s get started!<\/h1>\n\n\n\n<div class=\"wp-block-buttons is-content-justification-center is-layout-flex wp-container-core-buttons-is-layout-3e003292 wp-block-buttons-is-layout-flex\" style=\"padding-top:0;padding-bottom:0\">\n<div class=\"wp-block-button gradient-border-button\"><a class=\"wp-block-button__link has-text-align-center wp-element-button\" href=\"#kontakt\">Your project starts here!<\/a><\/div>\n<\/div>\n\n\n\n<div style=\"height:80px\" aria-hidden=\"true\" class=\"wp-block-spacer\"><\/div>\n\n\n\n<div class=\"scroll-icon-wrapper\">\n    <a href=\"#kontakt\" class=\"scroll-icon\">\n        <svg xmlns=\"http:\/\/www.w3.org\/2000\/svg\" viewBox=\"0 0 24 24\" fill=\"none\" stroke=\"white\" stroke-width=\"2\" stroke-linecap=\"round\" stroke-linejoin=\"round\">\n            <line x1=\"12\" y1=\"5\" x2=\"12\" y2=\"19\"><\/line>\n            <polyline points=\"19 12 12 19 5 12\"><\/polyline>\n        <\/svg>\n    <\/a>\n<\/div>\n\n<script>\n    document.querySelector('.scroll-icon').addEventListener('click', function(e) {\n        e.preventDefault();\n        const target = document.querySelector(this.getAttribute('href'));\n        const duration = 1500; \/\/ Dauer in Millisekunden (z.B. 1500ms = 1.5 Sekunden)\n        const offset = 100; \/\/ H\u00f6he des fixierten Headers in Pixeln (anpassen falls n\u00f6tig)\n        smoothScrollTo(target, duration, offset);\n    });\n\n    function smoothScrollTo(target, duration, offset = 0) {\n        const targetPosition = target.getBoundingClientRect().top + window.scrollY - offset;\n        const startPosition = window.scrollY;\n        const distance = targetPosition - startPosition;\n        let startTime = null;\n\n        function animation(currentTime) {\n            if (startTime === null) startTime = currentTime;\n            const timeElapsed = currentTime - startTime;\n            const run = easeInOutQuad(timeElapsed, startPosition, distance, duration);\n            window.scrollTo(0, run);\n            if (timeElapsed < duration) requestAnimationFrame(animation);\n        }\n\n        function easeInOutQuad(t, b, c, d) {\n            t \/= d \/ 2;\n            if (t < 1) return c \/ 2 * t * t + b;\n            t--;\n            return -c \/ 2 * (t * (t - 2) - 1) + b;\n        }\n\n        requestAnimationFrame(animation);\n    }\n<\/script>\n<\/div><\/div>\n\n\n\n<div id=\"kontakt\" class=\"wp-block-group main-group\"><div class=\"wp-block-group__inner-container is-layout-constrained wp-block-group-is-layout-constrained\">\n<div class=\"wp-block-group\" style=\"padding-top:0rem;padding-right:0rem;padding-bottom:0rem;padding-left:0rem\"><div class=\"wp-block-group__inner-container is-layout-constrained wp-container-core-group-is-layout-e3da0e3f wp-block-group-is-layout-constrained\">\n<div class=\"wp-block-columns is-layout-flex wp-container-core-columns-is-layout-d918408d wp-block-columns-is-layout-flex\" style=\"padding-top:0rem;padding-right:0%;padding-bottom:0rem;padding-left:0%\">\n<div class=\"wp-block-column lead body-text body-text-bold is-layout-flow wp-block-column-is-layout-flow\" style=\"border-style:none;border-width:0px;padding-top:0;padding-right:0;padding-bottom:0;padding-left:0rem;flex-basis:75%\">\n<div class=\"wp-block-group lead\"><div class=\"wp-block-group__inner-container is-layout-constrained wp-block-group-is-layout-constrained\">\n<p>Whether by email, phone, or contact form \u2013 here\u2019s the direct way to discuss a new project or clarify any questions. I look forward to hearing from you!<\/p>\n<\/div><\/div>\n\n\n\n<div style=\"height:50px\" aria-hidden=\"true\" class=\"wp-block-spacer\"><\/div>\n\n\n\n<div id=\"wp-block-themeisle-blocks-form-4fe45819\" class=\"wp-block-themeisle-blocks-form\" data-option-name=\"bf9b28ff82ce323187abc5d0feb0d8f07ecd8436_4fe45819\"><form class=\"otter-form__container\">\n<div id=\"wp-block-themeisle-blocks-form-input-a2dfd374\" class=\"wp-block-themeisle-blocks-form-input\"><label for=\"wp-block-themeisle-blocks-form-input-a2dfd374-input\" class=\"otter-form-input-label\"><span class=\"otter-form-input-label__label\">Name<\/span><span class=\"required\">*<\/span><\/label><input type=\"text\" id=\"wp-block-themeisle-blocks-form-input-a2dfd374-input\" required class=\"otter-form-input\"\/><\/div>\n\n\n\n<div id=\"wp-block-themeisle-blocks-form-input-4f6e107a\" class=\"wp-block-themeisle-blocks-form-input\"><label for=\"wp-block-themeisle-blocks-form-input-4f6e107a-input\" class=\"otter-form-input-label\"><span class=\"otter-form-input-label__label\">E-mail<\/span><span class=\"required\">*<\/span><\/label><input type=\"email\" id=\"wp-block-themeisle-blocks-form-input-4f6e107a-input\" required class=\"otter-form-input\"\/><\/div>\n\n\n<div class=\"protection\" aria-hidden=\"true\"><input type=\"hidden\" id=\"wp-block-themeisle-blocks-form-4fe45819_nonce_field\" name=\"wp-block-themeisle-blocks-form-4fe45819_nonce_field\" value=\"ff4cb1bf12\" \/><input type=\"hidden\" name=\"_wp_http_referer\" value=\"\/en\/wp-json\/wp\/v2\/pages\/2992\" \/><input class=\"o-anti-bot\" type=\"checkbox\"><\/div>\n\n\n<div id=\"wp-block-themeisle-blocks-form-textarea-a73f3df4\" class=\"wp-block-themeisle-blocks-form-textarea\"><label for=\"wp-block-themeisle-blocks-form-textarea-a73f3df4-input\" class=\"otter-form-textarea-label\"><span class=\"otter-form-textarea-label__label\">Message<\/span><\/label><textarea id=\"wp-block-themeisle-blocks-form-textarea-a73f3df4-input\" rows=\"10\" class=\"otter-form-textarea-input\"><\/textarea><\/div>\n\n\n\n<p class=\"has-extra-small-font-size\"><\/p>\n<div class=\"wp-block-button\"><button class=\"wp-block-button__link\" type=\"submit\">Send message<\/button><\/div><\/form><\/div>\n<\/div>\n\n\n\n<div class=\"wp-block-column bildlegende is-layout-flow wp-block-column-is-layout-flow\" style=\"border-right-style:none;border-right-width:0px;padding-top:0;padding-bottom:0;flex-basis:25%\"><div class=\"wp-block-image\">\n<figure class=\"aligncenter size-full is-resized\"><img alt=\"\" loading=\"lazy\" decoding=\"async\" width=\"349\" height=\"349\" src=\"https:\/\/www.milligan-design.ch\/wp-content\/uploads\/2025\/01\/markus-milligan-portrait.webp\" alt=\"\" class=\"wp-image-2921\" style=\"width:262px;height:auto\" srcset=\"https:\/\/www.milligan-design.ch\/wp-content\/uploads\/2025\/01\/markus-milligan-portrait.webp 349w, https:\/\/www.milligan-design.ch\/wp-content\/uploads\/2025\/01\/markus-milligan-portrait-300x300.webp 300w, https:\/\/www.milligan-design.ch\/wp-content\/uploads\/2025\/01\/markus-milligan-portrait-150x150.webp 150w\" sizes=\"auto, (max-width: 349px) 100vw, 349px\" \/><\/figure>\n<\/div>\n\n\n<div style=\"height:20px\" aria-hidden=\"true\" class=\"wp-block-spacer\"><\/div>\n\n\n\n<p class=\"has-text-align-center\"><mark style=\"background-color:rgba(0, 0, 0, 0)\" class=\"has-inline-color has-neve-link-color-color\"><strong>Milligan Design, Markus Milligan<\/strong><br>R\u00f8nvej 12, Tulleb\u00f8lle, <\/mark><br><mark style=\"background-color:rgba(0, 0, 0, 0)\" class=\"has-inline-color has-neve-link-color-color\">5953 Tranek\u00e6r, Denmark<\/mark><br><a href=\"tel:+4526795543\" data-type=\"tel\" data-id=\"tel:+41615119210\">+45 26 79 55 43<\/a><mark style=\"background-color:rgba(0, 0, 0, 0)\" class=\"has-inline-color has-neve-link-color-color\"><br><a href=\"tel:+41615119210\" data-type=\"tel\" data-id=\"tel:+41615119210\">+41 61 511 92 10<br><\/a><a href=\"mailto:info@milligan-design.ch\" target=\"_blank\" rel=\"noreferrer noopener\">info@milligan-design.ch<\/a><\/mark><\/p>\n\n\n\n<div class=\"wp-block-group is-content-justification-center is-nowrap is-layout-flex wp-container-core-group-is-layout-80041ad0 wp-block-group-is-layout-flex\">\n<div class=\"footer-buttons\">\n    <!-- Telefon -->\n    <a href=\"tel:+4526795543\" class=\"contact-button\" aria-label=\"Telefon\">\n        <img decoding=\"async\" src=\"https:\/\/www.milligan-design.ch\/wp-content\/uploads\/2024\/12\/Icon_Phone_blue.svg\" \n             alt=\"Telefon Icon\">\n    <\/a>\n\n    <!-- Mail -->\n    <a href=\"mailto:info@milligan-design.ch\" class=\"contact-button\" aria-label=\"Mail\">\n        <img decoding=\"async\" src=\"https:\/\/www.milligan-design.ch\/wp-content\/uploads\/2024\/12\/Icon_Mail_blue.svg\" \n             alt=\"Mail Icon\">\n    <\/a>\n\n    <!-- LinkedIn -->\n    <a href=\"https:\/\/linkedin.com\/in\/markus-milligan\" class=\"contact-button\" aria-label=\"LinkedIn\" target=\"_blank\">\n        <img decoding=\"async\" src=\"https:\/\/www.milligan-design.ch\/wp-content\/uploads\/2024\/12\/Icon_Linkedin_blue.svg\" \n             alt=\"LinkedIn Icon\">\n    <\/a>\n<\/div>\n<\/div>\n<\/div>\n<\/div>\n<\/div><\/div>\n<\/div><\/div>\n\n\n\n<div class=\"wp-block-group\"><div class=\"wp-block-group__inner-container is-layout-constrained wp-block-group-is-layout-constrained\">\n<div class=\"wp-block-group footer-group has-background\" style=\"background-color:#f3f3f3;padding-top:0;padding-bottom:0\"><div class=\"wp-block-group__inner-container is-layout-constrained wp-block-group-is-layout-constrained\">\n<div class=\"wp-block-group alignfull footer-group impressum trennstrich footer-right is-nowrap is-layout-flex wp-container-core-group-is-layout-8bff385e wp-block-group-is-layout-flex\" style=\"padding-top:0;padding-bottom:0\">\n<p><a href=\"https:\/\/www.milligan-design.ch\/en\/datenschutz\/\" data-type=\"page\" data-id=\"2559\">Legal Notice<\/a><\/p>\n\n\n\n<p><a href=\"https:\/\/www.milligan-design.ch\/en\/datenschutz\/\" data-type=\"page\" data-id=\"2559\">Privacy Policy<\/a><\/p>\n<\/div>\n<\/div><\/div>\n<\/div><\/div>\n\n\n\n<p><\/p>\n","protected":false},"excerpt":{"rendered":"<p>Ready? Let&#8217;s get started! Whether by email, phone, or contact form \u2013 here\u2019s the direct way to discuss a new project or clarify any questions. I look forward to hearing from you! Milligan Design, Markus MilliganR\u00f8nvej 12, Tulleb\u00f8lle, 5953 Tranek\u00e6r, Denmark+45 26 79 55 43+41 61 511 92 10info@milligan-design.ch Legal Notice Privacy Policy<\/p>\n","protected":false},"author":1,"featured_media":0,"parent":0,"menu_order":0,"comment_status":"closed","ping_status":"closed","template":"","meta":{"_seopress_robots_primary_cat":"","_seopress_titles_title":"Ready? Let\u2019s get started \u2013 Contact Milligan Design","_seopress_titles_desc":"Get in touch now \u2013 by email, phone or form. I look forward to discussing your project with you!","_seopress_robots_index":"","neve_meta_sidebar":"","neve_meta_container":"full-width","neve_meta_enable_content_width":"","neve_meta_content_width":0,"neve_meta_title_alignment":"","neve_meta_author_avatar":"","neve_post_elements_order":"","neve_meta_disable_header":"","neve_meta_disable_footer":"","neve_meta_disable_title":"on","neve_meta_reading_time":"","_themeisle_gutenberg_block_has_review":false,"footnotes":""},"class_list":["post-2992","page","type-page","status-publish","hentry"],"_links":{"self":[{"href":"https:\/\/www.milligan-design.ch\/en\/wp-json\/wp\/v2\/pages\/2992","targetHints":{"allow":["GET"]}}],"collection":[{"href":"https:\/\/www.milligan-design.ch\/en\/wp-json\/wp\/v2\/pages"}],"about":[{"href":"https:\/\/www.milligan-design.ch\/en\/wp-json\/wp\/v2\/types\/page"}],"author":[{"embeddable":true,"href":"https:\/\/www.milligan-design.ch\/en\/wp-json\/wp\/v2\/users\/1"}],"replies":[{"embeddable":true,"href":"https:\/\/www.milligan-design.ch\/en\/wp-json\/wp\/v2\/comments?post=2992"}],"version-history":[{"count":7,"href":"https:\/\/www.milligan-design.ch\/en\/wp-json\/wp\/v2\/pages\/2992\/revisions"}],"predecessor-version":[{"id":3255,"href":"https:\/\/www.milligan-design.ch\/en\/wp-json\/wp\/v2\/pages\/2992\/revisions\/3255"}],"wp:attachment":[{"href":"https:\/\/www.milligan-design.ch\/en\/wp-json\/wp\/v2\/media?parent=2992"}],"curies":[{"name":"wp","href":"https:\/\/api.w.org\/{rel}","templated":true}]}}