{"id":2949,"date":"2025-02-01T14:50:17","date_gmt":"2025-02-01T13:50:17","guid":{"rendered":"https:\/\/www.milligan-design.ch\/datenschutz\/"},"modified":"2026-04-14T11:22:57","modified_gmt":"2026-04-14T09:22:57","slug":"datenschutz","status":"publish","type":"page","link":"https:\/\/www.milligan-design.ch\/en\/datenschutz\/","title":{"rendered":"Privacy policy"},"content":{"rendered":"\n<div class=\"wp-block-group alignfull hero-group has-background\" style=\"border-style:none;border-width:0px;border-radius:0px;background-color:#080e4e\"><div class=\"wp-block-group__inner-container is-layout-constrained wp-block-group-is-layout-constrained\">\n<div class=\"wp-block-group lottie-icon\" style=\"padding-top:0;padding-bottom:0\"><div class=\"wp-block-group__inner-container is-layout-constrained wp-block-group-is-layout-constrained\">\n<lottie-player trigger=\"none\" id=\"wp-block-themeisle-blocks-lottie-28d3067b\" src=\"https:\/\/www.milligan-design.ch\/wp-content\/uploads\/2025\/02\/datenschutz-3.json\" class=\"wp-block-themeisle-blocks-lottie\" autoplay loop count=\"0\" speed=\"1\" direction=\"1\" data-loop=\"false\" mode=\"normal\"><\/lottie-player>\n<\/div><\/div>\n\n\n\n<h1 class=\"wp-block-heading has-text-align-center has-nv-site-bg-color has-text-color has-link-color wp-elements-bb88ed25e94dbfd2f328d5e00e2ac124\"><span class=\"gradient-text\">Legal Notice &amp;<\/span><br> Privacy policy<\/h1>\n\n\n\n<div style=\"height:80px\" aria-hidden=\"true\" class=\"wp-block-spacer\"><\/div>\n\n\n\n<div class=\"scroll-icon-wrapper\">\n    <a href=\"#impressum\" class=\"scroll-icon\">\n        <svg xmlns=\"http:\/\/www.w3.org\/2000\/svg\" viewBox=\"0 0 24 24\" fill=\"none\" stroke=\"white\" stroke-width=\"2\" stroke-linecap=\"round\" stroke-linejoin=\"round\">\n            <line x1=\"12\" y1=\"5\" x2=\"12\" y2=\"19\"><\/line>\n            <polyline points=\"19 12 12 19 5 12\"><\/polyline>\n        <\/svg>\n    <\/a>\n<\/div>\n\n<script>\n    document.querySelector('.scroll-icon').addEventListener('click', function(e) {\n        e.preventDefault();\n        const target = document.querySelector(this.getAttribute('href'));\n        const duration = 1500; \/\/ Dauer in Millisekunden (z.B. 1500ms = 1.5 Sekunden)\n        const offset = 100; \/\/ H\u00f6he des fixierten Headers in Pixeln (anpassen falls n\u00f6tig)\n        smoothScrollTo(target, duration, offset);\n    });\n\n    function smoothScrollTo(target, duration, offset = 0) {\n        const targetPosition = target.getBoundingClientRect().top + window.scrollY - offset;\n        const startPosition = window.scrollY;\n        const distance = targetPosition - startPosition;\n        let startTime = null;\n\n        function animation(currentTime) {\n            if (startTime === null) startTime = currentTime;\n            const timeElapsed = currentTime - startTime;\n            const run = easeInOutQuad(timeElapsed, startPosition, distance, duration);\n            window.scrollTo(0, run);\n            if (timeElapsed < duration) requestAnimationFrame(animation);\n        }\n\n        function easeInOutQuad(t, b, c, d) {\n            t \/= d \/ 2;\n            if (t < 1) return c \/ 2 * t * t + b;\n            t--;\n            return -c \/ 2 * (t * (t - 2) - 1) + b;\n        }\n\n        requestAnimationFrame(animation);\n    }\n<\/script>\n<\/div><\/div>\n\n\n\n<div class=\"wp-block-group alignfull main-group\" id=\"impressum\" style=\"padding-top:0rem;padding-right:0rem;padding-bottom:0rem;padding-left:0rem\"><div class=\"wp-block-group__inner-container is-layout-constrained wp-container-core-group-is-layout-e3da0e3f wp-block-group-is-layout-constrained\">\n<div class=\"wp-block-columns is-layout-flex wp-container-core-columns-is-layout-d918408d wp-block-columns-is-layout-flex\" style=\"padding-top:0rem;padding-right:0%;padding-bottom:0rem;padding-left:0%\">\n<div class=\"wp-block-column lead body-text body-text-bold is-layout-flow wp-block-column-is-layout-flow\" style=\"border-style:none;border-width:0px;padding-top:0;padding-right:0;padding-bottom:0;padding-left:0rem;flex-basis:75%\">\n<h2 class=\"wp-block-heading\">Legal Notice<\/h2>\n\n\n\n<p><strong>Owner of the website<br><\/strong>Milligan Design, Markus Milligan<br>R\u00f8nvej 12, Tulleb\u00f8lle, 5953 Tranek\u00e6r, Denmark<br>info@milligan-design.ch<br><br><strong>Web Design<\/strong><br>Markus Milligan<br><a href=\"https:\/\/www.milligan-design.com\" data-type=\"link\" data-id=\"https:\/\/www.milligan-design.com\">www.milligan-design.ch<\/a><\/p>\n\n\n\n<p><strong>Responsible for the content of this website:<br><\/strong>Markus Milligan<\/p>\n\n\n\n<p>Services are offered in Denmark and Switzerland.<\/p>\n\n\n\n<div style=\"height:100px\" aria-hidden=\"true\" class=\"wp-block-spacer\"><\/div>\n\n\n\n<h2 class=\"wp-block-heading\">Privacy policy<\/h2>\n\n\n\n<p><strong>General information<\/strong><br>The protection of your personal data is very important to me. I therefore process your data exclusively on the basis of the legal provisions of the EU General Data Protection Regulation (GDPR) and the Danish data protection laws.<br><br><strong>Controller<br><\/strong>Milligan Design<br>Markus Milligan<br>R\u00f8nvej 12, Tulleb\u00f8lle, 5953 Tranek\u00e6r, Denmark<br>E-mail: info@milligan-design.ch<br>Telephone: +45 26 79 55 43<br><br><strong>Collection and Processing of Personal Data<\/strong><br>You can use my websites without providing any personal data such as your name, email address, or phone number. However, if you send me a message via the contact form or by email, your details will be stored in order to process your request. These data will not be shared without your explicit consent.<br>Please note that data transmission over the internet may have security vulnerabilities. Complete protection of your data from access by third parties is not possible.<\/p>\n\n\n\n<p><strong>Server-Logfiles<br><\/strong>When you visit my website, the web server automatically collects and stores information in so-called server log files. These include:<br>\u2022 IP address<br>\u2022 Date and time of access<br>\u2022 Accessed pages<br>\u2022 Browser type and operating system<br>This data is used solely for technical monitoring, security, and optimization of the website. There is no personal analysis of this data.<\/p>\n\n\n\n<p><strong>Cookies<br><\/strong>My website uses only technically necessary cookies to ensure basic functions (e.g., caching). These cookies do not store any personal data and therefore do not require active consent from the user.<\/p>\n\n\n\n<p><strong>Your Rights<br><\/strong>You have the right at any time to:<br>\u2022 Access your stored data<br>\u2022 Correct inaccurate data<br>\u2022 Request deletion (unless a legal obligation to retain data exists)<br>\u2022 Restrict processing<br>\u2022 Data portability<br>\u2022 Object to the processing<br><br>If you believe that the processing of your data violates data protection law, you may lodge a complaint with the Swiss Data Protection Authority (Federal Data Protection and Information Commissioner (FDPIC):&nbsp;<a href=\"https:\/\/www.edoeb.admin.ch\/\">https:\/\/www.edoeb.admin.ch<\/a>) or with the Danish Data Protection Authority (Datatilsynet:&nbsp;<a href=\"https:\/\/www.datatilsynet.dk\/\">https:\/\/www.datatilsynet.dk<\/a>).<\/p>\n\n\n\n<p>The protection of your personal data is very important to me. I therefore process your data exclusively on the basis of the applicable data protection laws, in particular the EU General Data Protection Regulation (GDPR) and the revised Swiss Data Protection Act (revDSG).<\/p>\n\n\n\n<p><strong>Contact Regarding Data Protection<br><\/strong>If you have any questions about data protection, you can contact me using the contact details provided above.<\/p>\n\n\n\n<div style=\"height:100px\" aria-hidden=\"true\" class=\"wp-block-spacer\"><\/div>\n\n\n\n<h2 class=\"wp-block-heading\">Liability&nbsp;for&nbsp;Links<\/h2>\n\n\n\n<p>The websites&nbsp;<strong>milligan-design.ch<\/strong>,&nbsp;<strong>milligandesign.ch<\/strong>,&nbsp;<strong>milligan-design.com<\/strong>, and <strong>milligandesign.com<\/strong>&nbsp;contain links to external websites, in particular to client projects. The content of these external sites is the sole responsibility of their respective operators.&nbsp;Milligan Design accepts no liability for third-party content.<\/p>\n\n\n\n<div style=\"height:100px\" aria-hidden=\"true\" class=\"wp-block-spacer\"><\/div>\n\n\n\n<h2 class=\"wp-block-heading\">Copyright<\/h2>\n\n\n\n<p>All images and content on the websites of&nbsp;Milligan Design&nbsp;are protected by copyright. Any use, especially for commercial purposes, is not permitted without explicit permission.<\/p>\n<\/div>\n\n\n\n<div class=\"wp-block-column bildlegende is-layout-flow wp-block-column-is-layout-flow\" style=\"border-right-style:none;border-right-width:0px;padding-top:0;padding-bottom:0;flex-basis:25%\"><div class=\"wp-block-image\">\n<figure class=\"aligncenter size-full is-resized\"><img alt=\"\" loading=\"lazy\" decoding=\"async\" width=\"349\" height=\"349\" src=\"https:\/\/www.milligan-design.ch\/wp-content\/uploads\/2025\/01\/markus-milligan-portrait.webp\" alt=\"\" class=\"wp-image-2921\" style=\"width:262px;height:auto\" srcset=\"https:\/\/www.milligan-design.ch\/wp-content\/uploads\/2025\/01\/markus-milligan-portrait.webp 349w, https:\/\/www.milligan-design.ch\/wp-content\/uploads\/2025\/01\/markus-milligan-portrait-300x300.webp 300w, https:\/\/www.milligan-design.ch\/wp-content\/uploads\/2025\/01\/markus-milligan-portrait-150x150.webp 150w\" sizes=\"auto, (max-width: 349px) 100vw, 349px\" \/><\/figure>\n<\/div>\n\n\n<div style=\"height:20px\" aria-hidden=\"true\" class=\"wp-block-spacer\"><\/div>\n\n\n\n<p class=\"has-text-align-center\"><strong>Markus Milligan<\/strong><br>Graphic designer from Basel (Switzerland) with a Swiss Federal Certificate of Proficiency<br><a href=\"https:\/\/www.milligan-design.ch\/en\/ueber-mich\/\" data-type=\"page\" data-id=\"2192\">Learn more about me<\/a><\/p>\n\n\n\n<div class=\"wp-block-group is-content-justification-center is-nowrap is-layout-flex wp-container-core-group-is-layout-80041ad0 wp-block-group-is-layout-flex\">\n<div class=\"footer-buttons\">\n    <!-- Telefon -->\n    <a href=\"tel:+4526795543\" class=\"contact-button\" aria-label=\"Telefon\">\n        <img decoding=\"async\" src=\"https:\/\/www.milligan-design.ch\/wp-content\/uploads\/2024\/12\/Icon_Phone_blue.svg\" \n             alt=\"Telefon Icon\">\n    <\/a>\n\n    <!-- Mail -->\n    <a href=\"mailto:info@milligan-design.ch\" class=\"contact-button\" aria-label=\"Mail\">\n        <img decoding=\"async\" src=\"https:\/\/www.milligan-design.ch\/wp-content\/uploads\/2024\/12\/Icon_Mail_blue.svg\" \n             alt=\"Mail Icon\">\n    <\/a>\n\n    <!-- LinkedIn -->\n    <a href=\"https:\/\/linkedin.com\/in\/markus-milligan\" class=\"contact-button\" aria-label=\"LinkedIn\" target=\"_blank\">\n        <img decoding=\"async\" src=\"https:\/\/www.milligan-design.ch\/wp-content\/uploads\/2024\/12\/Icon_Linkedin_blue.svg\" \n             alt=\"LinkedIn Icon\">\n    <\/a>\n<\/div>\n<\/div>\n<\/div>\n<\/div>\n<\/div><\/div>\n\n\n\n<div id=\"kontakt\" class=\"wp-block-group\"><div class=\"wp-block-group__inner-container is-layout-constrained wp-block-group-is-layout-constrained\">\n<div class=\"wp-block-group main-group lead has-nv-dark-bg-background-color has-background\" style=\"padding-top:0rem;padding-bottom:0rem\"><div class=\"wp-block-group__inner-container is-layout-constrained wp-block-group-is-layout-constrained\">\n<h2 class=\"wp-block-heading\"><mark style=\"background-color:rgba(0, 0, 0, 0)\" class=\"has-inline-color has-nv-site-bg-color\">Contact<\/mark><\/h2>\n\n\n\n<div class=\"wp-block-columns is-layout-flex wp-container-core-columns-is-layout-9d6595d7 wp-block-columns-is-layout-flex\">\n<div class=\"wp-block-column is-layout-flow wp-block-column-is-layout-flow\" style=\"flex-basis:25%\">\n<div class=\"footer-buttons\">\n    <!-- Telefon -->\n    <a href=\"tel:+4526795543\" class=\"contact-button\" aria-label=\"Telefon\">\n        <img decoding=\"async\" src=\"https:\/\/www.milligan-design.ch\/wp-content\/uploads\/2024\/12\/Icon_Phone_white.svg\" \n             alt=\"Telefon Icon\" class=\"icon-phone\">\n    <\/a>\n\n    <!-- Mail -->\n    <a href=\"mailto:info@milligan-design.ch\" class=\"contact-button\" aria-label=\"Mail\">\n        <img decoding=\"async\" src=\"https:\/\/www.milligan-design.ch\/wp-content\/uploads\/2024\/12\/Icon_Mail_white.svg\" \n             alt=\"Mail Icon\" class=\"icon-email\">\n    <\/a>\n\n    <!-- LinkedIn -->\n    <a href=\"https:\/\/linkedin.com\/in\/markus-milligan\" class=\"contact-button\" aria-label=\"LinkedIn\" target=\"_blank\">\n        <img decoding=\"async\" src=\"https:\/\/www.milligan-design.ch\/wp-content\/uploads\/2024\/12\/Icon_Linkedin_white-2.svg\" \n             alt=\"LinkedIn Icon\" class=\"icon-linkedin\">\n    <\/a>\n<\/div>\n\n\n\n<div class=\"wp-block-group\" style=\"padding-top:2rem;padding-bottom:0rem\"><div class=\"wp-block-group__inner-container is-layout-constrained wp-block-group-is-layout-constrained\">\n<p class=\"bildlegende\"><mark style=\"background-color:rgba(0, 0, 0, 0)\" class=\"has-inline-color has-nv-text-dark-bg-color\">Milligan Design, Markus Milligan<br>R\u00f8nvej 12, Tulleb\u00f8lle, <\/mark><br><mark style=\"background-color:rgba(0, 0, 0, 0)\" class=\"has-inline-color has-nv-text-dark-bg-color\">5953 Tranek\u00e6r, Danmark<br><\/mark><a href=\"tel:+4526795543\" data-type=\"tel\" data-id=\"tel:+41615119210\"><mark style=\"background-color:rgba(0, 0, 0, 0)\" class=\"has-inline-color has-nv-c-2-color\">+45 26 79 55 43<\/mark><\/a><mark style=\"background-color:rgba(0, 0, 0, 0)\" class=\"has-inline-color has-nv-c-2-color\"><br><\/mark><a href=\"tel:+41615119210\" data-type=\"tel\" data-id=\"tel:+41615119210\"><mark style=\"background-color:rgba(0, 0, 0, 0)\" class=\"has-inline-color has-nv-c-2-color\">+41 61 511 92 10<\/mark><\/a><mark style=\"background-color:rgba(0, 0, 0, 0)\" class=\"has-inline-color has-nv-c-2-color\"><a href=\"tel:+41615119210\" data-type=\"tel\" data-id=\"tel:+41615119210\"><br><\/a><\/mark><a href=\"mailto:info@milligan-design.ch\" target=\"_blank\" rel=\"noreferrer noopener\"><mark style=\"background-color:rgba(0, 0, 0, 0)\" class=\"has-inline-color has-nv-c-2-color\">info@milligan-design.ch<\/mark><\/a><\/p>\n<\/div><\/div>\n<\/div>\n\n\n\n<div class=\"wp-block-column is-layout-flow wp-block-column-is-layout-flow\" style=\"flex-basis:75%\">\n<div class=\"wp-block-group\"><div class=\"wp-block-group__inner-container is-layout-constrained wp-block-group-is-layout-constrained\">\n<p class=\"lead\"><mark style=\"background-color:rgba(0, 0, 0, 0)\" class=\"has-inline-color has-nv-c-2-color\"><mark style=\"background-color:rgba(0, 0, 0, 0)\" class=\"has-inline-color has-nv-c-2-color\">At&nbsp;Milligan Design, your ideas take center stage \u2013 with personal consultation and a service that\u2019s fast and straightforward. Whether it\u2019s a single project or a long-term collaboration, I look forward to bringing your vision to life.<br>Request your non-binding quote today and kick off your next design project with an experienced graphic designer based on the island of Langeland!<\/mark><\/mark><\/p>\n<\/div><\/div>\n<\/div>\n<\/div>\n<\/div><\/div>\n\n\n\n<div class=\"wp-block-group alignfull footer-group\" style=\"padding-top:0rem;padding-right:0rem;padding-left:0rem\"><div class=\"wp-block-group__inner-container is-layout-constrained wp-container-core-group-is-layout-99d5f263 wp-block-group-is-layout-constrained\">\n<div class=\"wp-block-columns is-layout-flex wp-container-core-columns-is-layout-b45b36d0 wp-block-columns-is-layout-flex\" style=\"padding-top:1em;padding-bottom:0rem\">\n<div class=\"wp-block-column bildlegende is-layout-flow wp-block-column-is-layout-flow\">\n<div class=\"wp-block-group is-horizontal is-content-justification-left is-nowrap is-layout-flex wp-container-core-group-is-layout-531651d8 wp-block-group-is-layout-flex\">\n<figure class=\"wp-block-image size-large is-resized\"><img alt=\"\" loading=\"lazy\" decoding=\"async\" width=\"46\" height=\"57\" src=\"https:\/\/www.milligan-design.ch\/wp-content\/uploads\/2024\/12\/Icon-Check-3.svg\" alt=\"\" class=\"wp-image-463\" style=\"width:30px\"\/><\/figure>\n\n\n\n<p class=\"wp-container-content-9cfa9a5a\">Personal Consultation<\/p>\n<\/div>\n\n\n\n<div class=\"wp-block-group is-nowrap is-layout-flex wp-container-core-group-is-layout-ad2f72ca wp-block-group-is-layout-flex\">\n<figure class=\"wp-block-image size-large is-resized\"><img alt=\"\" loading=\"lazy\" decoding=\"async\" width=\"46\" height=\"57\" src=\"https:\/\/www.milligan-design.ch\/wp-content\/uploads\/2024\/12\/Icon-Check-3.svg\" alt=\"\" class=\"wp-image-463\" style=\"width:30px\"\/><\/figure>\n\n\n\n<p class=\"wp-container-content-9cfa9a5a\">Fast &amp; Reliable<\/p>\n<\/div>\n<\/div>\n\n\n\n<div class=\"wp-block-column bildlegende is-layout-flow wp-block-column-is-layout-flow\">\n<div class=\"wp-block-group is-nowrap is-layout-flex wp-container-core-group-is-layout-ad2f72ca wp-block-group-is-layout-flex\">\n<figure class=\"wp-block-image size-large is-resized\"><img alt=\"\" loading=\"lazy\" decoding=\"async\" width=\"46\" height=\"57\" src=\"https:\/\/www.milligan-design.ch\/wp-content\/uploads\/2024\/12\/Icon-Check-3.svg\" alt=\"\" class=\"wp-image-463\" style=\"width:30px\"\/><\/figure>\n\n\n\n<p class=\"wp-container-content-9cfa9a5a\">Custom Design<\/p>\n<\/div>\n\n\n\n<div class=\"wp-block-group is-nowrap is-layout-flex wp-container-core-group-is-layout-ad2f72ca wp-block-group-is-layout-flex\">\n<figure class=\"wp-block-image size-large is-resized\"><img alt=\"\" loading=\"lazy\" decoding=\"async\" width=\"46\" height=\"57\" src=\"https:\/\/www.milligan-design.ch\/wp-content\/uploads\/2024\/12\/Icon-Check-3.svg\" alt=\"\" class=\"wp-image-463\" style=\"width:30px\"\/><\/figure>\n\n\n\n<p class=\"wp-container-content-9cfa9a5a\">High Standards of Quality<\/p>\n<\/div>\n<\/div>\n\n\n\n<div class=\"wp-block-column bildlegende is-layout-flow wp-block-column-is-layout-flow\" style=\"border-style:none;border-width:0px;padding-right:0;padding-left:0\">\n<div class=\"wp-block-group is-nowrap is-layout-flex wp-container-core-group-is-layout-ad2f72ca wp-block-group-is-layout-flex\">\n<figure class=\"wp-block-image size-large is-resized\"><img alt=\"\" loading=\"lazy\" decoding=\"async\" width=\"46\" height=\"57\" src=\"https:\/\/www.milligan-design.ch\/wp-content\/uploads\/2024\/12\/Icon-Check-3.svg\" alt=\"\" class=\"wp-image-463\" style=\"width:30px\"\/><\/figure>\n\n\n\n<p class=\"wp-container-content-9cfa9a5a\">Passion for Detail<\/p>\n<\/div>\n\n\n\n<div class=\"wp-block-group is-nowrap is-layout-flex wp-container-core-group-is-layout-ad2f72ca wp-block-group-is-layout-flex\">\n<figure class=\"wp-block-image size-large is-resized\"><img alt=\"\" loading=\"lazy\" decoding=\"async\" width=\"46\" height=\"57\" src=\"https:\/\/www.milligan-design.ch\/wp-content\/uploads\/2024\/12\/Icon-Check-3.svg\" alt=\"\" class=\"wp-image-463\" style=\"width:30px\"\/><\/figure>\n\n\n\n<p class=\"wp-container-content-9cfa9a5a\">From Langeland<\/p>\n<\/div>\n<\/div>\n\n\n\n<div class=\"wp-block-column is-vertically-aligned-center is-layout-flow wp-block-column-is-layout-flow\">\n<figure class=\"wp-block-image size-large\"><a href=\"https:\/\/www.google.ch\/maps\/place\/Milligan+Design\/@47.442908,7.9015382,17z\/data=!4m8!3m7!1s0x4790376aada4c37d:0x34609e549bc9584e!8m2!3d47.4429044!4d7.9041131!9m1!1b1!16s%2Fg%2F11h6njhrch?hl=de&amp;entry=ttu&amp;g_ep=EgoyMDI1MDQxNC4xIKXMDSoASAFQAw%3D%3D\" target=\"_blank\" rel=\" noreferrer noopener\"><img alt=\"\" loading=\"lazy\" decoding=\"async\" width=\"156\" height=\"38\" src=\"https:\/\/www.milligan-design.ch\/wp-content\/uploads\/2025\/04\/google-reviews-3-cf6e29.svg\" alt=\"\" class=\"wp-image-3086\" style=\"object-fit:cover\"\/><\/a><\/figure>\n<\/div>\n<\/div>\n<\/div><\/div>\n\n\n\n<div class=\"wp-block-group footer-group has-background\" style=\"background-color:#f3f3f3;padding-top:0;padding-bottom:0\"><div class=\"wp-block-group__inner-container is-layout-constrained wp-block-group-is-layout-constrained\">\n<div class=\"wp-block-group alignfull footer-group impressum trennstrich footer-right is-nowrap is-layout-flex wp-container-core-group-is-layout-8bff385e wp-block-group-is-layout-flex\" style=\"padding-top:0;padding-bottom:0\">\n<p><a href=\"https:\/\/www.milligan-design.ch\/en\/datenschutz\/\" data-type=\"page\" data-id=\"2559\"><\/a><a href=\"\/en\/?page_id=2949\" data-type=\"page\" data-id=\"2559\">Legal Notice<\/a><\/p>\n\n\n\n<p><a href=\"https:\/\/www.milligan-design.ch\/en\/datenschutz\/\" data-type=\"page\" data-id=\"2559\"><\/a><a href=\"\/en\/?page_id=2949\" data-type=\"page\" data-id=\"2559\">Privacy Policy<\/a><\/p>\n<\/div>\n<\/div><\/div>\n<\/div><\/div>\n","protected":false},"excerpt":{"rendered":"<p>Legal Notice &amp; Privacy policy Legal Notice Owner of the websiteMilligan Design, Markus MilliganR\u00f8nvej 12, Tulleb\u00f8lle, 5953 Tranek\u00e6r, Denmarkinfo@milligan-design.ch Web DesignMarkus Milliganwww.milligan-design.ch Responsible for the content of this website:Markus Milligan Services are offered in Denmark and Switzerland. Privacy policy General informationThe protection of your personal data is very important to me. I therefore process your&hellip;&nbsp;<a href=\"https:\/\/www.milligan-design.ch\/en\/datenschutz\/\" rel=\"bookmark\">Read More &raquo;<span class=\"screen-reader-text\">Privacy policy<\/span><\/a><\/p>\n","protected":false},"author":1,"featured_media":0,"parent":0,"menu_order":0,"comment_status":"closed","ping_status":"closed","template":"","meta":{"_seopress_robots_primary_cat":"","_seopress_titles_title":"Legal Notice & Privacy Policy","_seopress_titles_desc":"Legal Notice & Privacy Policy | Markus Milligan, Im Kohl 216, 4493 Wenslingen, Switzerland","_seopress_robots_index":"","neve_meta_sidebar":"","neve_meta_container":"full-width","neve_meta_enable_content_width":"","neve_meta_content_width":0,"neve_meta_title_alignment":"center","neve_meta_author_avatar":"","neve_post_elements_order":"","neve_meta_disable_header":"off","neve_meta_disable_footer":"","neve_meta_disable_title":"on","neve_meta_reading_time":"","_themeisle_gutenberg_block_has_review":false,"footnotes":""},"class_list":["post-2949","page","type-page","status-publish","hentry"],"_links":{"self":[{"href":"https:\/\/www.milligan-design.ch\/en\/wp-json\/wp\/v2\/pages\/2949","targetHints":{"allow":["GET"]}}],"collection":[{"href":"https:\/\/www.milligan-design.ch\/en\/wp-json\/wp\/v2\/pages"}],"about":[{"href":"https:\/\/www.milligan-design.ch\/en\/wp-json\/wp\/v2\/types\/page"}],"author":[{"embeddable":true,"href":"https:\/\/www.milligan-design.ch\/en\/wp-json\/wp\/v2\/users\/1"}],"replies":[{"embeddable":true,"href":"https:\/\/www.milligan-design.ch\/en\/wp-json\/wp\/v2\/comments?post=2949"}],"version-history":[{"count":20,"href":"https:\/\/www.milligan-design.ch\/en\/wp-json\/wp\/v2\/pages\/2949\/revisions"}],"predecessor-version":[{"id":3259,"href":"https:\/\/www.milligan-design.ch\/en\/wp-json\/wp\/v2\/pages\/2949\/revisions\/3259"}],"wp:attachment":[{"href":"https:\/\/www.milligan-design.ch\/en\/wp-json\/wp\/v2\/media?parent=2949"}],"curies":[{"name":"wp","href":"https:\/\/api.w.org\/{rel}","templated":true}]}}